{"id":921,"date":"2018-08-31T13:48:37","date_gmt":"2018-08-31T16:48:37","guid":{"rendered":"https:\/\/ifd9-nqn.infd.edu.ar\/sitio\/profesorado-de-educacion-secundaria-en-lengua-y-literatura\/"},"modified":"2025-04-14T19:34:14","modified_gmt":"2025-04-14T22:34:14","slug":"profesorado-de-educacion-secundaria-en-lengua-y-literatura","status":"publish","type":"page","link":"https:\/\/ifd9-nqn.infd.edu.ar\/sitio\/profesorado-de-educacion-secundaria-en-lengua-y-literatura\/","title":{"rendered":"Profesorado de Educaci\u00f3n Secundaria en Lengua y Literatura"},"content":{"rendered":"\n<figure class=\"wp-block-embed is-type-video is-provider-youtube wp-block-embed-youtube wp-embed-aspect-16-9 wp-has-aspect-ratio\"><div class=\"wp-block-embed__wrapper\">\n<iframe loading=\"lazy\" title=\"Profesorado de Educaci\u00f3n Secundaria en Lengua y Literatura.\" width=\"1200\" height=\"675\" src=\"https:\/\/www.youtube.com\/embed\/r3B49xbUxsY?feature=oembed\" frameborder=\"0\" allow=\"accelerometer; autoplay; clipboard-write; encrypted-media; gyroscope; picture-in-picture; web-share\" referrerpolicy=\"strict-origin-when-cross-origin\" allowfullscreen><\/iframe>\n<\/div><\/figure>\n\n\n<h4>En esta secci\u00f3n, encontrar\u00e1s los enlaces para acceder a toda la informaci\u00f3n relacionada con esta carrera.<\/h4>\n<ul>\n<li>\n<h4><a href=\"https:\/\/drive.google.com\/file\/d\/1nFBlJtTVAI_Pwvm6ktylp5jdDxJJM_XT\/view?usp=sharing\">Plan de estudio 579<\/a><\/h4>\n<\/li>\n<li>\n<h4><a href=\"https:\/\/drive.google.com\/file\/d\/1GC4XxI8cXs-TnAkCtRpEANmnq2ckB9ft\/view?usp=drivesdk\">R\u00e9gimen de correlatividades\u00a0<\/a><\/h4>\n<\/li>\n<\/ul>","protected":false},"excerpt":{"rendered":"<p>En esta secci\u00f3n, encontrar\u00e1s los enlaces para acceder a toda la informaci\u00f3n relacionada con esta carrera. Plan de estudio 579 R\u00e9gimen de correlatividades\u00a0<\/p>\n","protected":false},"author":1074,"featured_media":0,"parent":0,"menu_order":0,"comment_status":"closed","ping_status":"closed","template":"","meta":[],"acf":[],"_links":{"self":[{"href":"https:\/\/ifd9-nqn.infd.edu.ar\/sitio\/wp-json\/wp\/v2\/pages\/921"}],"collection":[{"href":"https:\/\/ifd9-nqn.infd.edu.ar\/sitio\/wp-json\/wp\/v2\/pages"}],"about":[{"href":"https:\/\/ifd9-nqn.infd.edu.ar\/sitio\/wp-json\/wp\/v2\/types\/page"}],"author":[{"embeddable":true,"href":"https:\/\/ifd9-nqn.infd.edu.ar\/sitio\/wp-json\/wp\/v2\/users\/1074"}],"replies":[{"embeddable":true,"href":"https:\/\/ifd9-nqn.infd.edu.ar\/sitio\/wp-json\/wp\/v2\/comments?post=921"}],"version-history":[{"count":8,"href":"https:\/\/ifd9-nqn.infd.edu.ar\/sitio\/wp-json\/wp\/v2\/pages\/921\/revisions"}],"predecessor-version":[{"id":2038,"href":"https:\/\/ifd9-nqn.infd.edu.ar\/sitio\/wp-json\/wp\/v2\/pages\/921\/revisions\/2038"}],"wp:attachment":[{"href":"https:\/\/ifd9-nqn.infd.edu.ar\/sitio\/wp-json\/wp\/v2\/media?parent=921"}],"curies":[{"name":"wp","href":"https:\/\/api.w.org\/{rel}","templated":true}]}}