{"id":908,"date":"2018-08-31T13:48:32","date_gmt":"2018-08-31T16:48:32","guid":{"rendered":"https:\/\/ifd9-nqn.infd.edu.ar\/sitio\/profesorado-en-ensenanza-primaria\/"},"modified":"2021-04-29T10:53:48","modified_gmt":"2021-04-29T13:53:48","slug":"profesorado-en-ensenanza-primaria","status":"publish","type":"page","link":"https:\/\/ifd9-nqn.infd.edu.ar\/sitio\/profesorado-en-ensenanza-primaria\/","title":{"rendered":"Profesorado en Ense\u00f1anza Primaria"},"content":{"rendered":"<p><img decoding=\"async\" title=\"Vi\u00f1eta\" src=\"https:\/\/ifd9-nqn.infd.edu.ar\/sitio\/wp-content\/uploads\/2018\/08\/vineta.gif\" alt=\"Vi\u00f1eta\" border=\"0\" \/>Esta es una de las carreras de grado que se cursa en el ISFD N\u00b09.<\/p>\n<p>En esta secci\u00f3n encontrar\u00e1s, entre otras informaciones, planes de la carrera, el dise\u00f1o curricular vigente desde el a\u00f1o 2009<\/p>\n<p><span style=\"color: #0000ff;\">\u00a0<strong><a href=\"https:\/\/drive.google.com\/file\/d\/1HcsQnmBiRLWdQGIikgBMbAz_K280lLMt\/view?usp=sharing\">PLAN DE ESTUDIOS 639<\/a><\/strong><\/span><\/p>\n<p><strong><span style=\"color: #0000ff;\"><a href=\"https:\/\/drive.google.com\/file\/d\/1AuYtacX1ImG2Igakp2c7v0UQC7CL1vys\/view?usp=sharing\">PLAN DE ESTUDIOS 395\u00a0<\/a>\u00a0<\/span><\/strong><\/p>\n<p><span style=\"color: #0000ff;\">\u00a0<\/span>\u00a0 \u00a0 \u00a0 \u00a0 \u00a0 \u00a0 \u00a0 \u00a0 \u00a0 \u00a0 \u00a0 \u00a0 \u00a0 \u00a0 \u00a0\u00a0<a href=\"https:\/\/drive.google.com\/file\/d\/1O778EVJBmTt3IEYvWT5KYQRI3WhAv-W0\/view?usp=sharing\"><img decoding=\"async\" loading=\"lazy\" class=\"wp-image-1171 alignleft\" src=\"https:\/\/ifd9-nqn.infd.edu.ar\/sitio\/wp-content\/uploads\/2019\/03\/CLIC-AQUI.jpg\" alt=\"\" width=\"51\" height=\"60\" \/><\/a><\/p>\n<p style=\"text-align: left;\"><span style=\"color: #0000ff;\">CORRELATIVIDADES PLAN 395\/639<\/span><\/p>\n<p>&nbsp;<\/p>\n","protected":false},"excerpt":{"rendered":"<p>Esta es una de las carreras de grado que se cursa en el ISFD N\u00b09. En esta secci\u00f3n encontrar\u00e1s, entre otras informaciones, planes de la carrera, el dise\u00f1o curricular vigente desde el a\u00f1o 2009 \u00a0PLAN DE ESTUDIOS 639 PLAN DE ESTUDIOS 395\u00a0\u00a0 \u00a0\u00a0 \u00a0 \u00a0 \u00a0 \u00a0 \u00a0 \u00a0 \u00a0 \u00a0 \u00a0 \u00a0 \u00a0 \u00a0 &#8230; <a title=\"Profesorado en Ense\u00f1anza Primaria\" class=\"read-more\" href=\"https:\/\/ifd9-nqn.infd.edu.ar\/sitio\/profesorado-en-ensenanza-primaria\/\" aria-label=\"More on Profesorado en Ense\u00f1anza Primaria\">[+]<\/a><\/p>\n","protected":false},"author":1258,"featured_media":0,"parent":0,"menu_order":0,"comment_status":"closed","ping_status":"closed","template":"","meta":[],"acf":[],"_links":{"self":[{"href":"https:\/\/ifd9-nqn.infd.edu.ar\/sitio\/wp-json\/wp\/v2\/pages\/908"}],"collection":[{"href":"https:\/\/ifd9-nqn.infd.edu.ar\/sitio\/wp-json\/wp\/v2\/pages"}],"about":[{"href":"https:\/\/ifd9-nqn.infd.edu.ar\/sitio\/wp-json\/wp\/v2\/types\/page"}],"author":[{"embeddable":true,"href":"https:\/\/ifd9-nqn.infd.edu.ar\/sitio\/wp-json\/wp\/v2\/users\/1258"}],"replies":[{"embeddable":true,"href":"https:\/\/ifd9-nqn.infd.edu.ar\/sitio\/wp-json\/wp\/v2\/comments?post=908"}],"version-history":[{"count":8,"href":"https:\/\/ifd9-nqn.infd.edu.ar\/sitio\/wp-json\/wp\/v2\/pages\/908\/revisions"}],"predecessor-version":[{"id":1455,"href":"https:\/\/ifd9-nqn.infd.edu.ar\/sitio\/wp-json\/wp\/v2\/pages\/908\/revisions\/1455"}],"wp:attachment":[{"href":"https:\/\/ifd9-nqn.infd.edu.ar\/sitio\/wp-json\/wp\/v2\/media?parent=908"}],"curies":[{"name":"wp","href":"https:\/\/api.w.org\/{rel}","templated":true}]}}