{"id":286,"date":"2016-10-31T13:17:59","date_gmt":"2016-10-31T16:17:59","guid":{"rendered":"https:\/\/ifd9-nqn.infd.edu.ar\/sitio\/?page_id=286"},"modified":"2026-04-27T18:51:14","modified_gmt":"2026-04-27T21:51:14","slug":"inicio","status":"publish","type":"page","link":"https:\/\/ifd9-nqn.infd.edu.ar\/sitio\/","title":{"rendered":"Inicio"},"content":{"rendered":"<h1>INSCRIPCIONES 2026<\/h1>\n<div>\u00a0<\/div>\n<div>\u00a0<\/div>\n<div class=\"text-orange cursor-pointer whitespace-normal inline\">\u00a0<\/div>\n<div>\u00a0<\/div>\n<h2><strong>Consultas sobre Campus Virtual &#8211; Alta de usuario a ingresantes<\/strong><\/h2>\n<p>Somos un equipo de personas, encargadas de las cuestiones tecnol\u00f3gicas. Para consultas relacionadas al uso del Campus Virtual del instituto, escribir al siguiente correo electr\u00f3nico <strong>equipotecnologicoifd9@gmail.com\u00a0<\/strong><\/p>\n<p>Gracias.<\/p>\n<p>Evelin Estepa (Coordinaci\u00f3n TIC) &#8211; Cristian Dietrich (FReTAE)<\/p>\n<p><iframe loading=\"lazy\" title=\"IFD 9 Paulo Freire. Neuqu\u00e9n\" width=\"1200\" height=\"675\" src=\"https:\/\/www.youtube.com\/embed\/rHHkQrCijEc?feature=oembed\" frameborder=\"0\" allow=\"accelerometer; autoplay; clipboard-write; encrypted-media; gyroscope; picture-in-picture; web-share\" referrerpolicy=\"strict-origin-when-cross-origin\" allowfullscreen><\/iframe><\/p>\n<hr \/>\n<p style=\"text-align: left;\">\u00a0<\/p>\n<p><strong><span style=\"color: #000000;\"><em>El Instituto de Formaci\u00f3n Docente N\u00b0 9 fue creado el 25 de Abril de 1986 y en \u00e9l se cursan las carreras Profesorado en Ense\u00f1anza Primaria y Profesorado de Educaci\u00f3n Secundaria en Lengua y Literatura.\u00a0\u00a0Se encuentra ubicado en la localidad de Centenario (provincia Neuqu\u00e9n), a 15 km de la capital provincial y recibe estudiantes de localidades cercanas, incluidas varias de la provincia de R\u00edo Negro.<\/em><\/span><\/strong><\/p>\n<p><strong><span style=\"color: #000000;\"><em>Este Instituto forma parte del sistema de educaci\u00f3n p\u00fablica de gesti\u00f3n estatal. Este sitio en Internet, servir\u00e1 de canal digital para comunicar novedades, acercar informaci\u00f3n, compartir experiencias y brindar apoyo y asesoramiento a las personas que\u00a0 forman y desean ser parte de esta comunidad educativa.<\/em><\/span><\/strong><\/p>\n<h2 style=\"text-align: left;\"><span style=\"color: #000000;\"><strong> INFORMACI\u00d3N GENERAL<\/strong><\/span><\/h2>\n<ul>\n<li><span style=\"color: #000000;\">Para comunicarse con el Instituto, por mail o al tel\u00e9fono <strong>299 4898032<\/strong><\/span><\/li>\n<li><span style=\"color: #000000;\">Horarios de atenci\u00f3n de Lunes a Viernes de 8,00 hs a 13:00 hs y de 13:30 a 23: 00 hs.\u00a0<\/span><\/li>\n<li><span style=\"color: #000000;\">Profesorado de Lengua y Literatura se dicta \u00fanicamente en el turno ma\u00f1ana de 8:00 hs a 13:00 hs <\/span><\/li>\n<li><span style=\"color: #000000;\">Profesorado de Educaci\u00f3n Primaria se dicta en los turnos tarde de 13,30 a 18,30 y en el turno noche de 18,30 hs 23.<\/span><\/li>\n<li><span style=\"color: #000000;\">Los mails de cada sector se encuentran en la pesta\u00f1a <strong>Contactos de Inter\u00e9s<\/strong>.<\/span><\/li>\n<\/ul>\n<h5>Direcci\u00f3n: Belgrano 1000, intersecci\u00f3n Ruta interprovincial Centenario &#8211; Cinco Saltos, Centenario, Nqn (atr\u00e1s del CPEM N\u00b01)<\/h5>\n<p>&nbsp;<\/p>\n<p>&nbsp;<\/p>\n<p>&nbsp;<\/p>\n<p style=\"text-align: left;\">\u00a0<\/p>\n<p>&nbsp;<\/p>\n<p>&nbsp;<\/p>\n<p>&nbsp;<\/p>\n<p>&nbsp;<\/p>\n<p>&nbsp;<\/p>\n","protected":false},"excerpt":{"rendered":"<p>INSCRIPCIONES 2026 \u00a0 \u00a0 \u00a0 \u00a0 Consultas sobre Campus Virtual &#8211; Alta de usuario a ingresantes Somos un equipo de personas, encargadas de las cuestiones tecnol\u00f3gicas. Para consultas relacionadas al uso del Campus Virtual del instituto, escribir al siguiente correo electr\u00f3nico equipotecnologicoifd9@gmail.com\u00a0 Gracias. Evelin Estepa (Coordinaci\u00f3n TIC) &#8211; Cristian Dietrich (FReTAE) \u00a0 El Instituto de &#8230; <a title=\"Inicio\" class=\"read-more\" href=\"https:\/\/ifd9-nqn.infd.edu.ar\/sitio\/\" aria-label=\"More on Inicio\">[+]<\/a><\/p>\n","protected":false},"author":3152,"featured_media":0,"parent":0,"menu_order":0,"comment_status":"closed","ping_status":"closed","template":"","meta":[],"acf":[],"_links":{"self":[{"href":"https:\/\/ifd9-nqn.infd.edu.ar\/sitio\/wp-json\/wp\/v2\/pages\/286"}],"collection":[{"href":"https:\/\/ifd9-nqn.infd.edu.ar\/sitio\/wp-json\/wp\/v2\/pages"}],"about":[{"href":"https:\/\/ifd9-nqn.infd.edu.ar\/sitio\/wp-json\/wp\/v2\/types\/page"}],"author":[{"embeddable":true,"href":"https:\/\/ifd9-nqn.infd.edu.ar\/sitio\/wp-json\/wp\/v2\/users\/3152"}],"replies":[{"embeddable":true,"href":"https:\/\/ifd9-nqn.infd.edu.ar\/sitio\/wp-json\/wp\/v2\/comments?post=286"}],"version-history":[{"count":448,"href":"https:\/\/ifd9-nqn.infd.edu.ar\/sitio\/wp-json\/wp\/v2\/pages\/286\/revisions"}],"predecessor-version":[{"id":2224,"href":"https:\/\/ifd9-nqn.infd.edu.ar\/sitio\/wp-json\/wp\/v2\/pages\/286\/revisions\/2224"}],"wp:attachment":[{"href":"https:\/\/ifd9-nqn.infd.edu.ar\/sitio\/wp-json\/wp\/v2\/media?parent=286"}],"curies":[{"name":"wp","href":"https:\/\/api.w.org\/{rel}","templated":true}]}}