{"id":1425,"date":"2021-04-07T20:15:23","date_gmt":"2021-04-07T23:15:23","guid":{"rendered":"https:\/\/ifd9-nqn.infd.edu.ar\/sitio\/?page_id=1425"},"modified":"2024-08-15T20:29:28","modified_gmt":"2024-08-15T23:29:28","slug":"equivalencias-y-pases","status":"publish","type":"page","link":"https:\/\/ifd9-nqn.infd.edu.ar\/sitio\/equivalencias-y-pases\/","title":{"rendered":"Equivalencias y Pases"},"content":{"rendered":"<h5 style=\"text-align: center;\">EQUIVALENCIAS<\/h5>\n<h5 style=\"text-align: left;\">Requisitos:<\/h5>\n<div>\u00a0 \u00a0 \u00a0 \u00a0 A) Estar inscripta\/o en 1\u00ba a\u00f1o, como ingresante en la carrera elegida en el IFD 9.<\/div>\n<div><\/div>\n<div>Luego presentar:<\/div>\n<div>\n<div>1. Nota dirigida al IFD 9 ( solicitudesifd9@gmail.com ), solicitando equivalencias (detallar cada asignatura que\u00a0 se pide)\u00a0 e indicando la carrera a la cual se inscribi\u00f3.<\/div>\n<div>2. Plan de Estudio de la carrera de origen.<\/div>\n<div>3. Programa de estudio de cada asignatura o espacio curricular acreditado con una antig\u00fcedad menor o igual a ocho (8) a\u00f1os Estos programas deben corresponder al a\u00f1o de acreditaci\u00f3n y estar legalizados por la Direcci\u00f3n del establecimiento educativo de origen.<\/div>\n<\/div>\n<h5><\/h5>\n<h5 style=\"text-align: center;\">PASES<\/h5>\n<h5 style=\"text-align: left;\">Requisitos:<\/h5>\n<p>1)\u00a0 El interesado\/a\u00a0 iniciar\u00e1 el tr\u00e1mite de Pase en forma particular, presentando ante\u00a0la Direcci\u00f3n del Instituto o Escuela Superior de destino una nota solicitando el\u00a0pase consignando la raz\u00f3n.<\/p>\n<p>2)\u00a0 En el caso de otorgarse se extender\u00e1 al interesado\/a una constancia de\u00a0vacante.<\/p>\n<div>3). El interesado\/a presentar\u00e1 ante el Instituto o Escuela Superior de origen\u00a0una nota informando la viabilidad de pase, indicando la instituci\u00f3n de\u00a0destino. Deber\u00e1 acompa\u00f1ar esta la constancia de vacante.<\/div>\n<div><\/div>\n<div>4) Los <strong>pedido de pase<\/strong> solo se realizan entre instituciones dentro de la jurisdicci\u00f3n\u00a0 de Neuqu\u00e9n. En caso de provenir de otra jurisdicci\u00f3n, se deben solicitar equivalencias.<\/div>\n<div><\/div>\n<div>** Luego de completar los pasos anteriores,\u00a0 el IFD de origen se encarga de enviar la documentaci\u00f3n y legajo del interesado\/a al instituto de destino.<\/div>\n<div><\/div>\n<div>El mail de la direcci\u00f3n del IFD 9 es\u00a0<a href=\"edifd9@gmail.com\">edifd9@gmail.com<\/a><\/div>\n<div><\/div>\n<div><\/div>\n<div><\/div>\n","protected":false},"excerpt":{"rendered":"<p>EQUIVALENCIAS Requisitos: \u00a0 \u00a0 \u00a0 \u00a0 A) Estar inscripta\/o en 1\u00ba a\u00f1o, como ingresante en la carrera elegida en el IFD 9. Luego presentar: 1. Nota dirigida al IFD 9 ( solicitudesifd9@gmail.com ), solicitando equivalencias (detallar cada asignatura que\u00a0 se pide)\u00a0 e indicando la carrera a la cual se inscribi\u00f3. 2. Plan de Estudio de &#8230; <a title=\"Equivalencias y Pases\" class=\"read-more\" href=\"https:\/\/ifd9-nqn.infd.edu.ar\/sitio\/equivalencias-y-pases\/\" aria-label=\"More on Equivalencias y Pases\">[+]<\/a><\/p>\n","protected":false},"author":1258,"featured_media":0,"parent":0,"menu_order":0,"comment_status":"closed","ping_status":"closed","template":"","meta":[],"acf":[],"_links":{"self":[{"href":"https:\/\/ifd9-nqn.infd.edu.ar\/sitio\/wp-json\/wp\/v2\/pages\/1425"}],"collection":[{"href":"https:\/\/ifd9-nqn.infd.edu.ar\/sitio\/wp-json\/wp\/v2\/pages"}],"about":[{"href":"https:\/\/ifd9-nqn.infd.edu.ar\/sitio\/wp-json\/wp\/v2\/types\/page"}],"author":[{"embeddable":true,"href":"https:\/\/ifd9-nqn.infd.edu.ar\/sitio\/wp-json\/wp\/v2\/users\/1258"}],"replies":[{"embeddable":true,"href":"https:\/\/ifd9-nqn.infd.edu.ar\/sitio\/wp-json\/wp\/v2\/comments?post=1425"}],"version-history":[{"count":15,"href":"https:\/\/ifd9-nqn.infd.edu.ar\/sitio\/wp-json\/wp\/v2\/pages\/1425\/revisions"}],"predecessor-version":[{"id":1904,"href":"https:\/\/ifd9-nqn.infd.edu.ar\/sitio\/wp-json\/wp\/v2\/pages\/1425\/revisions\/1904"}],"wp:attachment":[{"href":"https:\/\/ifd9-nqn.infd.edu.ar\/sitio\/wp-json\/wp\/v2\/media?parent=1425"}],"curies":[{"name":"wp","href":"https:\/\/api.w.org\/{rel}","templated":true}]}}