{"id":1361,"date":"2020-07-28T19:02:10","date_gmt":"2020-07-28T22:02:10","guid":{"rendered":"https:\/\/ifd9-nqn.infd.edu.ar\/sitio\/?page_id=1361"},"modified":"2026-04-17T13:08:01","modified_gmt":"2026-04-17T16:08:01","slug":"contactos-de-interes","status":"publish","type":"page","link":"https:\/\/ifd9-nqn.infd.edu.ar\/sitio\/contactos-de-interes\/","title":{"rendered":"Contactos de Inter\u00e9s"},"content":{"rendered":"\n<p><\/p>\n\n\n<h5><span style=\"color: #3366ff;\">N\u00famero de tel\u00e9fono<\/span>:\u00a04898032<\/h5>\n<p><strong><span style=\"color: #0000ff;\">Secretar\u00eda Administrativa<\/span><\/strong>: secretariaifd9@gmail.com<\/p>\n<p><strong><span style=\"color: #0000ff;\">Bedel\u00eda Profesorado de Educaci\u00f3n Primaria: <\/span><\/strong>\u00a0bedeliaisfd9@gmail.com<\/p>\n<p><strong><span style=\"color: #0000ff;\">Preceptor\u00eda PLL TURNO MA\u00d1ANA:<\/span><\/strong><span style=\"color: #0000ff;\">\u00a0 <span style=\"color: #000000;\">preceptoriaifd9tm@gmail.com<\/span><\/span><\/p>\n<p><span style=\"color: #0000ff;\"><strong>Preceptor\u00eda PEP TURNO TARDE<\/strong><\/span>: preceptoriaifd9tt@gmail.com<\/p>\n<p><strong><span style=\"color: #0000ff;\">Preceptor\u00eda PEP TURNO NOCHE<\/span><\/strong>: preceptoriaifd9tn@gmail.com\u00a0<\/p>\n<p><span style=\"color: #0000ff;\"><strong>Bedel\u00eda Profesorado en Lengua y Literatura<\/strong>:<\/span> bedeliaifd9lengua@gmail.com<\/p>\n<p><span style=\"color: #0000ff;\"><strong>Secretar\u00eda de Extensi\u00f3n:<\/strong><\/span> ifd9extension@gmail.com<\/p>\n<p><span style=\"color: #0000ff;\"><strong>Secretaria de Investigaci\u00f3n<\/strong><\/span>:\u00a0 investigacionifd9@gmail.com<\/p>\n<p><strong><span style=\"color: #0000ff;\">Biblioteca:<\/span><\/strong>\u00a0 bibliotecaifd9@gmail.com<\/p>\n<p><strong><span style=\"color: #0000ff;\">Equipo tecnol\u00f3gico Dietrich Cristian- Estepa Evelin :<\/span><\/strong><span style=\"color: #000000;\"> equipotecnologicoifd9@gmail.com<\/span><\/p>\n<p><strong><span style=\"color: #0000ff;\">Coordinaci\u00f3n de Asuntos Estudiantiles:\u00a0<\/span><\/strong><span style=\"color: #0000ff;\"><span style=\"color: #000000;\">\u00a0<\/span><\/span><\/p>\n<p><span style=\"color: #0000ff;\"><strong>Coordinaci\u00f3n de Carrera PLYL<\/strong><\/span>: maclaralk@gmail.com<\/p>\n<p><strong><span style=\"color: #0000ff;\">Coordinaci\u00f3n de Carrera PEP:<\/span><\/strong><\/p>\n<p>coord.pepifd9@gmail.com<\/p>\n<p>\u00a0<\/p>\n\n\n<p><\/p>\n","protected":false},"excerpt":{"rendered":"<p>N\u00famero de tel\u00e9fono:\u00a04898032 Secretar\u00eda Administrativa: secretariaifd9@gmail.com Bedel\u00eda Profesorado de Educaci\u00f3n Primaria: \u00a0bedeliaisfd9@gmail.com Preceptor\u00eda PLL TURNO MA\u00d1ANA:\u00a0 preceptoriaifd9tm@gmail.com Preceptor\u00eda PEP TURNO TARDE: preceptoriaifd9tt@gmail.com Preceptor\u00eda PEP TURNO NOCHE: preceptoriaifd9tn@gmail.com\u00a0 Bedel\u00eda Profesorado en Lengua y Literatura: bedeliaifd9lengua@gmail.com Secretar\u00eda de Extensi\u00f3n: ifd9extension@gmail.com Secretaria de Investigaci\u00f3n:\u00a0 investigacionifd9@gmail.com Biblioteca:\u00a0 bibliotecaifd9@gmail.com Equipo tecnol\u00f3gico Dietrich Cristian- Estepa Evelin : equipotecnologicoifd9@gmail.com Coordinaci\u00f3n de Asuntos &#8230; <a title=\"Contactos de Inter\u00e9s\" class=\"read-more\" href=\"https:\/\/ifd9-nqn.infd.edu.ar\/sitio\/contactos-de-interes\/\" aria-label=\"More on Contactos de Inter\u00e9s\">[+]<\/a><\/p>\n","protected":false},"author":1258,"featured_media":0,"parent":0,"menu_order":0,"comment_status":"closed","ping_status":"closed","template":"","meta":[],"acf":[],"_links":{"self":[{"href":"https:\/\/ifd9-nqn.infd.edu.ar\/sitio\/wp-json\/wp\/v2\/pages\/1361"}],"collection":[{"href":"https:\/\/ifd9-nqn.infd.edu.ar\/sitio\/wp-json\/wp\/v2\/pages"}],"about":[{"href":"https:\/\/ifd9-nqn.infd.edu.ar\/sitio\/wp-json\/wp\/v2\/types\/page"}],"author":[{"embeddable":true,"href":"https:\/\/ifd9-nqn.infd.edu.ar\/sitio\/wp-json\/wp\/v2\/users\/1258"}],"replies":[{"embeddable":true,"href":"https:\/\/ifd9-nqn.infd.edu.ar\/sitio\/wp-json\/wp\/v2\/comments?post=1361"}],"version-history":[{"count":25,"href":"https:\/\/ifd9-nqn.infd.edu.ar\/sitio\/wp-json\/wp\/v2\/pages\/1361\/revisions"}],"predecessor-version":[{"id":2171,"href":"https:\/\/ifd9-nqn.infd.edu.ar\/sitio\/wp-json\/wp\/v2\/pages\/1361\/revisions\/2171"}],"wp:attachment":[{"href":"https:\/\/ifd9-nqn.infd.edu.ar\/sitio\/wp-json\/wp\/v2\/media?parent=1361"}],"curies":[{"name":"wp","href":"https:\/\/api.w.org\/{rel}","templated":true}]}}